{"id":2254,"date":"2025-10-20T20:50:09","date_gmt":"2025-10-20T18:50:09","guid":{"rendered":"http:\/\/olirennt.de\/?page_id=2254"},"modified":"2025-10-20T21:01:02","modified_gmt":"2025-10-20T19:01:02","slug":"kontakt-2","status":"publish","type":"page","link":"http:\/\/olirennt.de\/?page_id=2254","title":{"rendered":"Kontakt"},"content":{"rendered":"\n<p>Gerne nehme ich Sie in meinen Verteiler auf. Das Spendenportal ist immer von Ende April bis Ende September offen. Ich informiere i.d.R. zweimal im Jahr, Spenderinnen und Spender nat\u00fcrlich auch \u00fcber das Lauf- und Spendenergebnis.<br>Durch die Aufnahme in den Verteiler verpflichtet sich nat\u00fcrlich auch niemand zu einer Spende.<\/p>\n\n\n\n<p>Oder schreiben Sie an spende(a)olirennt.de<\/p>\n\n\n\n<div class=\"wp-block-contact-form-7-contact-form-selector\">\n<div class=\"wpcf7 no-js\" id=\"wpcf7-f1899-o1\" lang=\"de-DE\" dir=\"ltr\" data-wpcf7-id=\"1899\">\n<div class=\"screen-reader-response\"><p role=\"status\" aria-live=\"polite\" aria-atomic=\"true\"><\/p> <ul><\/ul><\/div>\n<form action=\"\/index.php?rest_route=%2Fwp%2Fv2%2Fpages%2F2254#wpcf7-f1899-o1\" method=\"post\" class=\"wpcf7-form init\" aria-label=\"Kontaktformular\" novalidate=\"novalidate\" data-status=\"init\">\n<fieldset class=\"hidden-fields-container\"><input type=\"hidden\" name=\"_wpcf7\" value=\"1899\" \/><input type=\"hidden\" name=\"_wpcf7_version\" value=\"6.1.5\" \/><input type=\"hidden\" name=\"_wpcf7_locale\" value=\"de_DE\" \/><input type=\"hidden\" name=\"_wpcf7_unit_tag\" value=\"wpcf7-f1899-o1\" \/><input type=\"hidden\" name=\"_wpcf7_container_post\" value=\"0\" \/><input type=\"hidden\" name=\"_wpcf7_posted_data_hash\" value=\"\" \/>\n<\/fieldset>\n<p><label> Name<br \/>\n<span class=\"wpcf7-form-control-wrap\" data-name=\"your-name\"><input size=\"40\" maxlength=\"400\" class=\"wpcf7-form-control wpcf7-text wpcf7-validates-as-required\" autocomplete=\"name\" aria-required=\"true\" aria-invalid=\"false\" value=\"\" type=\"text\" name=\"your-name\" \/><\/span> <\/label>\n<\/p>\n<p><label> E-Mail-Adresse<br \/>\n<span class=\"wpcf7-form-control-wrap\" data-name=\"your-email\"><input size=\"40\" maxlength=\"400\" class=\"wpcf7-form-control wpcf7-email wpcf7-validates-as-required wpcf7-text wpcf7-validates-as-email\" autocomplete=\"email\" aria-required=\"true\" aria-invalid=\"false\" value=\"\" type=\"email\" name=\"your-email\" \/><\/span> <\/label>\n<\/p>\n<p><label> Nachricht (optional)<br \/>\n<span class=\"wpcf7-form-control-wrap\" data-name=\"your-message\"><textarea cols=\"40\" rows=\"10\" maxlength=\"2000\" class=\"wpcf7-form-control wpcf7-textarea\" aria-invalid=\"false\" name=\"your-message\"><\/textarea><\/span> <\/label>\n<\/p>\n<p><input class=\"wpcf7-form-control wpcf7-submit has-spinner\" type=\"submit\" value=\"Senden\" \/>\n<\/p><div class=\"wpcf7-response-output\" aria-hidden=\"true\"><\/div>\n<\/form>\n<\/div>\n<\/div>\n","protected":false},"excerpt":{"rendered":"<p>Gerne nehme ich Sie in meinen Verteiler auf. Das Spendenportal ist immer von Ende April bis Ende September offen. Ich &hellip; <\/p>\n","protected":false},"author":1,"featured_media":0,"parent":0,"menu_order":0,"comment_status":"closed","ping_status":"closed","template":"","meta":{"give_campaign_id":0,"_price":"","_stock":"","_tribe_ticket_header":"","_tribe_default_ticket_provider":"","_tribe_ticket_capacity":"0","_ticket_start_date":"","_ticket_end_date":"","_tribe_ticket_show_description":"","_tribe_ticket_show_not_going":false,"_tribe_ticket_use_global_stock":"","_tribe_ticket_global_stock_level":"","_global_stock_mode":"","_global_stock_cap":"","_tribe_rsvp_for_event":"","_tribe_ticket_going_count":"","_tribe_ticket_not_going_count":"","_tribe_tickets_list":"[]","_tribe_ticket_has_attendee_info_fields":false,"footnotes":"","_tec_slr_enabled":"","_tec_slr_layout":""},"class_list":["post-2254","page","type-page","status-publish","hentry"],"campaignId":"","ticketed":false,"_links":{"self":[{"href":"http:\/\/olirennt.de\/index.php?rest_route=\/wp\/v2\/pages\/2254","targetHints":{"allow":["GET"]}}],"collection":[{"href":"http:\/\/olirennt.de\/index.php?rest_route=\/wp\/v2\/pages"}],"about":[{"href":"http:\/\/olirennt.de\/index.php?rest_route=\/wp\/v2\/types\/page"}],"author":[{"embeddable":true,"href":"http:\/\/olirennt.de\/index.php?rest_route=\/wp\/v2\/users\/1"}],"replies":[{"embeddable":true,"href":"http:\/\/olirennt.de\/index.php?rest_route=%2Fwp%2Fv2%2Fcomments&post=2254"}],"version-history":[{"count":3,"href":"http:\/\/olirennt.de\/index.php?rest_route=\/wp\/v2\/pages\/2254\/revisions"}],"predecessor-version":[{"id":2266,"href":"http:\/\/olirennt.de\/index.php?rest_route=\/wp\/v2\/pages\/2254\/revisions\/2266"}],"wp:attachment":[{"href":"http:\/\/olirennt.de\/index.php?rest_route=%2Fwp%2Fv2%2Fmedia&parent=2254"}],"curies":[{"name":"wp","href":"https:\/\/api.w.org\/{rel}","templated":true}]}}