{"id":2225,"date":"2025-09-01T22:09:23","date_gmt":"2025-09-01T20:09:23","guid":{"rendered":"http:\/\/olirennt.de\/?page_id=2225"},"modified":"2025-09-01T22:09:24","modified_gmt":"2025-09-01T20:09:24","slug":"2015-2","status":"publish","type":"page","link":"http:\/\/olirennt.de\/?page_id=2225","title":{"rendered":"2015"},"content":{"rendered":"\n<div class=\"wp-block-columns is-layout-flex wp-container-core-columns-is-layout-9d6595d7 wp-block-columns-is-layout-flex\">\n<div class=\"wp-block-column is-layout-flow wp-block-column-is-layout-flow\" style=\"flex-basis:33.33%\">\n<figure class=\"wp-block-gallery has-nested-images columns-default is-cropped wp-block-gallery-1 is-layout-flex wp-block-gallery-is-layout-flex\">\n<figure class=\"wp-block-image size-full\"><img loading=\"lazy\" decoding=\"async\" width=\"565\" height=\"768\" data-id=\"2226\" src=\"http:\/\/olirennt.de\/wp-content\/uploads\/2025\/09\/IMG_5478.jpg\" alt=\"\" class=\"wp-image-2226\" srcset=\"http:\/\/olirennt.de\/wp-content\/uploads\/2025\/09\/IMG_5478.jpg 565w, http:\/\/olirennt.de\/wp-content\/uploads\/2025\/09\/IMG_5478-221x300.jpg 221w\" sizes=\"auto, (max-width: 565px) 100vw, 565px\" \/><\/figure>\n<\/figure>\n\n\n\n<figure class=\"wp-block-image size-full\"><img loading=\"lazy\" decoding=\"async\" width=\"1701\" height=\"2560\" src=\"http:\/\/olirennt.de\/wp-content\/uploads\/2025\/09\/785931_1071_0011-scaled.jpg\" alt=\"\" class=\"wp-image-2227\" srcset=\"http:\/\/olirennt.de\/wp-content\/uploads\/2025\/09\/785931_1071_0011-scaled.jpg 1701w, http:\/\/olirennt.de\/wp-content\/uploads\/2025\/09\/785931_1071_0011-199x300.jpg 199w, http:\/\/olirennt.de\/wp-content\/uploads\/2025\/09\/785931_1071_0011-680x1024.jpg 680w, http:\/\/olirennt.de\/wp-content\/uploads\/2025\/09\/785931_1071_0011-768x1156.jpg 768w, http:\/\/olirennt.de\/wp-content\/uploads\/2025\/09\/785931_1071_0011-1020x1536.jpg 1020w, http:\/\/olirennt.de\/wp-content\/uploads\/2025\/09\/785931_1071_0011-1361x2048.jpg 1361w\" sizes=\"auto, (max-width: 1701px) 100vw, 1701px\" \/><\/figure>\n<\/div>\n\n\n\n<div class=\"wp-block-column is-layout-flow wp-block-column-is-layout-flow\" style=\"flex-basis:66.66%\">\n<p><strong>2015: Spendensumme 3.925 Euro, New York<\/strong><\/p>\n\n\n\n<p>Ende 2014 war eigentlich schon klar, jetzt fehlt noch New York. Der New York Marathon ist immer am ersten Sonntag im November und der ist nur alle ca. 5 Jahre am ersten Wochenende der Herbstferien, in 2015 sollte das aber so sein. Daher Startplatz, Hotel und Fl\u00fcge f\u00fcr die Familie gebucht und f\u00fcr New York geplant. Den Originalbericht von 2015 h\u00e4nge ich unten an.<br>Vorher sollte es aber nochmal nach Berlin zum Halbmarathon Anfang April und nat\u00fcrlich zum Baden-Halbmarathon gehen. Auch auf der Halbmarathon-Strecke hatte noch ein Ziel. Die 1:26 h stand schon, somit war die 1:25 h das Ziel. Und wie man auf dem Foto sieht hat das dann in 1:25:59 grad so geklappt.<br>Ich kam zudem auf 45 Spenden mit insgesamt 3.925 Euro. Gerade nach 2014 mit soviel Publicity war ich sehr zufrieden, dass es auch im Folgejahr mit einem guten Ergebnis weiterging.<\/p>\n\n\n\n<p>Bericht New York Marathon 2015:<br>Am 30. Oktober 2015 ging es f\u00fcr mich und meine Familie los zum New York Marathon, der am 1. November stattfand. Abflug war um 11 Uhr ab Frankfurt, um 18 Uhr (Ortszeit) waren wir dann am Hotel, in unmittelbarer N\u00e4he zum Times Square. Das lief alles super. Am n\u00e4chsten Morgen ging&#8217;s dann zur Marathonmesse die Startnummer abholen, auch das war schnell erledigt. Ich hatte nun alles beisammen, es konnte also losgehen. Los geht es beim New York Marathon zun\u00e4chst mit einer Fahrt (mit dem Bus) zum Start. Der Bus ging um 5:30, da in New York die Zeit in der Nacht erst umgestellt wurde, war es ja eigentlich erst 6:30, zudem war ich ja die deutsche Zeit noch gewohnt, das war also kein Problem. Gegen 6:30 kamen wir im Startbereich an, das ist ein ehemaliges Milit\u00e4rgel\u00e4nde (Fort Wadsworth) auf Staten Island. Hier galt es die Zeit irgendwie rumzubringen bis zum Start, ich war zum Gl\u00fcck in der 1. Welle um 9:50 dran, insgesamt gibt es 4 Start-Wellen. Es gab dort Kaffee, Getr\u00e4nke, Bagels, usw., man war also gut versorgt, auch war es nicht allzu kalt, so dass die Warterei ganz angenehm war, davor hatte ich zuvor schon einen entsprechenden Respekt. Ich hatte mir da auch irgendwie schlimmer vorgestellt. Auch gab es gn\u00fcgend Dixi-Toiletten, die dort &#8222;Royal Flush&#8220; heissen. Das ist ganz wichtig vor dem Start, da man diese noch \u00f6fters nutzen muss. Ich war auch gut vorbereitet und hatte nach dem Baden-Halbmarathon weiter gut trainiert, da ich den Lauf in New York auch geniessen wollte. Der Lauf hat einige Steigungen, ist also nicht einfach. Am Abend davor nahm ich mir dann vor, unter 3:30 laufen zu wollen (war eigentlich etwas langsamer geplant), da ich das gut drin hatte. Gegen 8:45 ging es dann in den eigentlichen Startblock, es gibt pro Welle 3 davon, diese werden dann immer neu mit L\u00e4ufern (je Welle) gef\u00fcllt. Dann wird man Richtung Start gef\u00fchrt, ich konnte dann noch der Nationalhymne lauschen, und dann ging es endlich los. Gleich \u00fcber das erste Highlight, die Verrazano-Br\u00fccke, gut 2 km lang. Ich lief auf der linken Seite, der andere Startblock rechts, und der dritte eine Ebene darunter. Da war ganz sch\u00f6n was los. Der erste km in 6 Minuten (unter 3:30 muss man eigentlich 5 Minuten je km laufen), aber eigentlich war mir das egal, ich war ja nicht auf einen Rekord aus. Dann konnte ich aber Tempo aufnehmen, es ging dann durch Brooklyn, eigentlich immer gerade aus. Und immer wieder angefeuert von den vielen Zuschauern an der Strecke, ich hatte ja meinen Namen vorne auf dem Shirt und bin auch extra an der Seite gelaufen&#8230;immer wieder &#8222;Olew\u00e4r, great job&#8220;, &#8222;you&#8217;re looking good&#8220;, usw. Die Amerikaner verstehen es da schon die L\u00e4ufer zu motivieren und sind einfach auch begeistert. Manche reichen auch Bananen oder Taschent\u00fccher, damit man sich den Schweiss abwischen kann. Gut war auch, dass es jede Meile Getr\u00e4nke gab, ich nahm fast immer was. So lief ich dann recht locker meinen 5er km-Schnitt, vor km 20 musste ich dann auch noch einen kleinen Pitstop im &#8222;Royal Flush&#8220; einlegen, dann lief es sich doch wieder leichter. Weiter durch Queens und dann r\u00fcber nach Manhatten, auf die 1st Avenue, es wurden immer mehr Zuschauer, die standen in mehreren Reihen, auch meine Familie konnte ich dort sehen. Dann weiter in die Bronx, und wieder zur\u00fcck nach Manhatten, dann auf die 5th Avenue. Ich war immer noch gut drauf, nur taten mir ab km 25 sehr die Beine weh. Das lag einfach auch daran, dass wir am Samstag viel gelaufen waren, aber was solls, es gab ja auch schon samstags viel zu sehen in New York. Ich konnte das Tempo aber weiterhin halten und den Lauf auch geniessen. Dann ging es in den Central Park, nur noch wenige km bis zum Ziel. Immer wieder habe ich den Zuschauern zugewunken, da waren nicht mehr soviele L\u00e4ufer dazu in der Lage. Und schliesslich bin ich dann in 3:28:49 ins Ziel gelaufen. Das war schon ein toller Moment, ich war noch recht fit, und konnte es einfach auch geniessen. Ich wiederhole mich jetzt zwar, aber das war mir an dem Lauf wichtig. Man wird dann st\u00e4ndig begl\u00fcckw\u00fcnscht zu der Leistung. Das ist noch tagelang danach so, viele L\u00e4ufer tragen auch ihre Medaille durch die Stadt spazieren, ich habe das allerdings nicht gemacht. Aber immer wieder sind die Leute begeistert, wenn sie h\u00f6ren, dass man mitgelaufen ist. Die finden das einfach toll. Die L\u00e4ufer hat man \u00fcbrigens noch tagelang in der Stadt erkannt, nicht nur an der Medaille, auch am Gang \ud83d\ude09<br>Aus dem Zielbereich wird man dann schnell herausgeschleust, es kommen ja \u00fcber 50.000 L\u00e4ufer. An der 63. Stra\u00dfe traf ich dann meine Familie wieder. Dann ging es zur\u00fcck zum Hotel, duschen und erstmal etwas Essen gegangen. Noch um 17\/18 Uhr sind uns L\u00e4ufer aus Richtung Ziel entgegen gekommen, das Zeitlimit ist ja 8 Stunden und die letzte L\u00e4ufer starten ja erst gegen 11 Uhr. Das ist dann schon etwas komisch, man ist schon lange durch und noch immer sind L\u00e4ufer auf der Strecke. In Berlin war das aber auch nicht anders.<br><br>Der Lauf war ein tolles Erlebnis, nicht umsonst ist New York auch einer der besten, wenn nicht sogar der beste Marathon &#8222;the greatest Marathon of the World in the greatest City of the World&#8220;. Ich w\u00fcrde mal sagen, dass das so stimmt. In jedem Fall war nicht nur der Marathon ein tolles Erlebnis, wir waren ja eine ganze Woche dort. Und haben sehr viele Eindr\u00fccke mitgebracht und viele tolle Bilder. Wir haben viel gesehen, sind viel gelaufen (auch nach dem Marathon noch). H\u00f6hepunkte waren u.a. das NBA-Basketballspiel im Madison Square Garden und der Besuch auf der Plattform auf 380 Meter H\u00f6he im One World Trade Center, und das bei bestem Wetter. Auch haben wir (leider) auch die Gegens\u00e4tze zwischen arm und reich in der Stadt gesehen. Und jeden Tag das Lichtermeer am Times Square.<br>Die ganze Reise war f\u00fcr mich und meine Familie ein ganz besonderes, unvergessliches Erlebnis. Wir sind auch trotz Lufhansa-Streik wieder p\u00fcnktlich heimgekommen, unser Flieger ging, wenn auch ein kleinerer. Und wie wir sp\u00e4ter erfahren haben, konnten 20 Passagiere nicht mit&#8230;<\/p>\n\n\n\n<p><\/p>\n<\/div>\n<\/div>\n","protected":false},"excerpt":{"rendered":"<p>2015: Spendensumme 3.925 Euro, New York Ende 2014 war eigentlich schon klar, jetzt fehlt noch New York. Der New York &hellip; <\/p>\n","protected":false},"author":1,"featured_media":0,"parent":0,"menu_order":0,"comment_status":"closed","ping_status":"closed","template":"","meta":{"give_campaign_id":0,"_price":"","_stock":"","_tribe_ticket_header":"","_tribe_default_ticket_provider":"","_tribe_ticket_capacity":"0","_ticket_start_date":"","_ticket_end_date":"","_tribe_ticket_show_description":"","_tribe_ticket_show_not_going":false,"_tribe_ticket_use_global_stock":"","_tribe_ticket_global_stock_level":"","_global_stock_mode":"","_global_stock_cap":"","_tribe_rsvp_for_event":"","_tribe_ticket_going_count":"","_tribe_ticket_not_going_count":"","_tribe_tickets_list":"[]","_tribe_ticket_has_attendee_info_fields":false,"footnotes":"","_tec_slr_enabled":"","_tec_slr_layout":""},"class_list":["post-2225","page","type-page","status-publish","hentry"],"campaignId":"","ticketed":false,"_links":{"self":[{"href":"http:\/\/olirennt.de\/index.php?rest_route=\/wp\/v2\/pages\/2225","targetHints":{"allow":["GET"]}}],"collection":[{"href":"http:\/\/olirennt.de\/index.php?rest_route=\/wp\/v2\/pages"}],"about":[{"href":"http:\/\/olirennt.de\/index.php?rest_route=\/wp\/v2\/types\/page"}],"author":[{"embeddable":true,"href":"http:\/\/olirennt.de\/index.php?rest_route=\/wp\/v2\/users\/1"}],"replies":[{"embeddable":true,"href":"http:\/\/olirennt.de\/index.php?rest_route=%2Fwp%2Fv2%2Fcomments&post=2225"}],"version-history":[{"count":1,"href":"http:\/\/olirennt.de\/index.php?rest_route=\/wp\/v2\/pages\/2225\/revisions"}],"predecessor-version":[{"id":2228,"href":"http:\/\/olirennt.de\/index.php?rest_route=\/wp\/v2\/pages\/2225\/revisions\/2228"}],"wp:attachment":[{"href":"http:\/\/olirennt.de\/index.php?rest_route=%2Fwp%2Fv2%2Fmedia&parent=2225"}],"curies":[{"name":"wp","href":"https:\/\/api.w.org\/{rel}","templated":true}]}}