{"id":2050,"date":"2024-12-15T22:38:50","date_gmt":"2024-12-15T20:38:50","guid":{"rendered":"http:\/\/olirennt.de\/?page_id=2050"},"modified":"2024-12-15T22:38:50","modified_gmt":"2024-12-15T20:38:50","slug":"2005-2","status":"publish","type":"page","link":"http:\/\/olirennt.de\/?page_id=2050","title":{"rendered":"2005"},"content":{"rendered":"\n<div class=\"wp-block-columns is-layout-flex wp-container-core-columns-is-layout-9d6595d7 wp-block-columns-is-layout-flex\">\n<div class=\"wp-block-column is-layout-flow wp-block-column-is-layout-flow\" style=\"flex-basis:33.33%\">\n<figure class=\"wp-block-image size-full\"><img loading=\"lazy\" decoding=\"async\" width=\"526\" height=\"701\" src=\"http:\/\/olirennt.de\/wp-content\/uploads\/2023\/04\/2005_1-2.jpg\" alt=\"\" class=\"wp-image-1916\" srcset=\"http:\/\/olirennt.de\/wp-content\/uploads\/2023\/04\/2005_1-2.jpg 526w, http:\/\/olirennt.de\/wp-content\/uploads\/2023\/04\/2005_1-2-225x300.jpg 225w\" sizes=\"auto, (max-width: 526px) 100vw, 526px\" \/><\/figure>\n<\/div>\n\n\n\n<div class=\"wp-block-column is-layout-flow wp-block-column-is-layout-flow\" style=\"flex-basis:66.66%\">\n<p><strong>2005: Spendensumme 560 Euro, Halbmarathon-Zeit: 1:58:25<\/strong><br>Nachdem mein Arbeitgeber als Hauptsponsor beim Baden-Marathon eingestiegen war und ich auch einige Kilos zuviel mit mir rumgeschleppt hatte, entschloss ich mich, am Halbmarathon teilzunehmen. Vom Laufen hatte ich noch nicht soviel Ahnung, aber nachdem ich meinen ersten Volkslauf \u00fcber 10 km geschafft hatte und mich ein Freund noch zu einem Trainingslauf \u00fcber 13 km mitgenommen hatte, es war heiss und ich fand es extrem lang, bin ich dann beim Halbmarathon an den Start gegangen. Zwei Wochen vorher gab es noch eine Infomail, dass man sich bei &#8222;Laufen mit Herz&#8220; ein Projekt aussuchen und sich als Spendenl\u00e4ufer anmelden konnte. Das Projekt &#8222;DRK-Kindernotarztwagen&#8220; hatte mir spontan zugesagt, ich hatte mich gleich angemeldet, ein paar Leute angeschrieben und noch in der n\u00e4chsten Nacht ging die erste Spende ein.<br>Am Ende waren es 20 Spenden mit insgesamt 560 Euro. Das war die h\u00f6chste Summer aller Spendenl\u00e4ufer. <br>Beim Halbmarathon erschien mir eine Zeit unter 2 Stunden als f\u00fcr mich machbar&#8230;und es hatte dann auch geklappt. Bis heute \u00fcbrigens meine langsamste Zeit \u00fcber die Halbmarathon-Strecke \ud83d\ude09<br>Der Grundstein f\u00fcr meine Leidenschaft als Spenden- und Halbmarathonl\u00e4ufer war gelegt. An Marathon dachte ich da noch gar nicht. Ach ja, und ich war einige Kilos leichter.<\/p>\n\n\n\n<p><\/p>\n<\/div>\n<\/div>\n","protected":false},"excerpt":{"rendered":"<p>2005: Spendensumme 560 Euro, Halbmarathon-Zeit: 1:58:25Nachdem mein Arbeitgeber als Hauptsponsor beim Baden-Marathon eingestiegen war und ich auch einige Kilos zuviel &hellip; <\/p>\n","protected":false},"author":1,"featured_media":0,"parent":0,"menu_order":0,"comment_status":"closed","ping_status":"closed","template":"","meta":{"give_campaign_id":0,"_price":"","_stock":"","_tribe_ticket_header":"","_tribe_default_ticket_provider":"","_tribe_ticket_capacity":"0","_ticket_start_date":"","_ticket_end_date":"","_tribe_ticket_show_description":"","_tribe_ticket_show_not_going":false,"_tribe_ticket_use_global_stock":"","_tribe_ticket_global_stock_level":"","_global_stock_mode":"","_global_stock_cap":"","_tribe_rsvp_for_event":"","_tribe_ticket_going_count":"","_tribe_ticket_not_going_count":"","_tribe_tickets_list":"[]","_tribe_ticket_has_attendee_info_fields":false,"footnotes":"","_tec_slr_enabled":"","_tec_slr_layout":""},"class_list":["post-2050","page","type-page","status-publish","hentry"],"campaignId":"","ticketed":false,"_links":{"self":[{"href":"http:\/\/olirennt.de\/index.php?rest_route=\/wp\/v2\/pages\/2050","targetHints":{"allow":["GET"]}}],"collection":[{"href":"http:\/\/olirennt.de\/index.php?rest_route=\/wp\/v2\/pages"}],"about":[{"href":"http:\/\/olirennt.de\/index.php?rest_route=\/wp\/v2\/types\/page"}],"author":[{"embeddable":true,"href":"http:\/\/olirennt.de\/index.php?rest_route=\/wp\/v2\/users\/1"}],"replies":[{"embeddable":true,"href":"http:\/\/olirennt.de\/index.php?rest_route=%2Fwp%2Fv2%2Fcomments&post=2050"}],"version-history":[{"count":1,"href":"http:\/\/olirennt.de\/index.php?rest_route=\/wp\/v2\/pages\/2050\/revisions"}],"predecessor-version":[{"id":2051,"href":"http:\/\/olirennt.de\/index.php?rest_route=\/wp\/v2\/pages\/2050\/revisions\/2051"}],"wp:attachment":[{"href":"http:\/\/olirennt.de\/index.php?rest_route=%2Fwp%2Fv2%2Fmedia&parent=2050"}],"curies":[{"name":"wp","href":"https:\/\/api.w.org\/{rel}","templated":true}]}}