{"id":2,"date":"2016-05-10T03:48:21","date_gmt":"2016-05-10T03:48:21","guid":{"rendered":"http:\/\/olirennt.de\/?page_id=2"},"modified":"2024-12-15T22:44:22","modified_gmt":"2024-12-15T20:44:22","slug":"sample-page","status":"publish","type":"page","link":"http:\/\/olirennt.de\/?page_id=2","title":{"rendered":"Hamsterlauf statt Hamsterkauf"},"content":{"rendered":"\n<p><strong>&#8211; Spendenlauf beendet &#8211;<\/strong><\/p>\n\n\n\n<p><strong>Deine Spende f\u00fcr helfende H\u00e4nde!<\/strong><br>Weitere, zus\u00e4tzliche Spendenaktion aus dem Jahr 2020. Herzlichen Dank f\u00fcr alle Spenden.<\/p>\n\n\n\n<p><\/p>\n\n\n\n<p><br><strong>\u00dcber 1000 Dankesch\u00f6n-Taschen konnte ich verteilen!<\/strong> Hier gehts zur <a href=\"http:\/\/olirennt.de\/?page_id=996\">Spenden\u00fcbersicht<\/a>.<br>Die letzten 260 Runden lief ich Rahmen meines Spendenlaufs bei Laufen mit Herz\/Baden-Marathon f\u00fcr den DRK-Kindernotarztwagen &#8230; und zwar als Halbmarathon im Garten.<\/p>\n\n\n\n<p class=\"has-text-align-left\"><br><\/p>\n\n\n\n<p><\/p>\n\n\n\n<div class=\"wp-block-columns is-layout-flex wp-container-core-columns-is-layout-9d6595d7 wp-block-columns-is-layout-flex\">\n<div class=\"wp-block-column is-layout-flow wp-block-column-is-layout-flow\" style=\"flex-basis:33.33%\"><div class=\"wp-block-image is-style-rounded\">\n<figure class=\"aligncenter size-medium\"><img loading=\"lazy\" decoding=\"async\" width=\"225\" height=\"300\" src=\"http:\/\/olirennt.de\/wp-content\/uploads\/2020\/04\/XRXY4268-225x300.jpg\" alt=\"\" class=\"wp-image-967\" srcset=\"http:\/\/olirennt.de\/wp-content\/uploads\/2020\/04\/XRXY4268-225x300.jpg 225w, http:\/\/olirennt.de\/wp-content\/uploads\/2020\/04\/XRXY4268.jpg 691w\" sizes=\"auto, (max-width: 225px) 100vw, 225px\" \/><\/figure>\n<\/div>\n\n\n<p>10.06:<br><a href=\"http:\/\/olirennt.de\/?page_id=996\">Spenden\u00fcbergabe<\/a>: Nervennahrung f\u00fcr Mitarbeiter des St\u00e4dt. Klinikums. <\/p>\n\n\n\n<p>22.06.:<br>Spenden\u00fcbergabe an die Mitarbeiter der ViDia Kliniken.<\/p>\n\n\n\n<div class=\"wp-block-group\"><div class=\"wp-block-group__inner-container is-layout-flow wp-block-group-is-layout-flow\">\n<p>Aktueller Spendenstand: 5549 Euro<\/p>\n<\/div><\/div>\n\n\n\n<p>Aktuell gelaufene Runden: 2.543<\/p>\n\n\n\n<p><\/p>\n\n\n\n<p><\/p>\n\n\n\n<p><\/p>\n\n\n\n<p><\/p>\n\n\n\n<p><\/p>\n\n\n\n<figure><iframe loading=\"lazy\" src=\"https:\/\/www.youtube.com\/embed\/ltpYAn5TDRc\" allowfullscreen=\"\" width=\"560\" height=\"315\"><\/iframe><\/figure>\n\n\n<div class=\"wp-block-image\">\n<figure class=\"aligncenter size-medium is-resized\"><img loading=\"lazy\" decoding=\"async\" width=\"199\" height=\"300\" src=\"http:\/\/olirennt.de\/wp-content\/uploads\/2020\/04\/KBM11SG073300_0693-199x300.jpg\" alt=\"\" class=\"wp-image-429\" style=\"width:100px;height:150px\" srcset=\"http:\/\/olirennt.de\/wp-content\/uploads\/2020\/04\/KBM11SG073300_0693-199x300.jpg 199w, http:\/\/olirennt.de\/wp-content\/uploads\/2020\/04\/KBM11SG073300_0693-680x1024.jpg 680w, http:\/\/olirennt.de\/wp-content\/uploads\/2020\/04\/KBM11SG073300_0693-768x1156.jpg 768w, http:\/\/olirennt.de\/wp-content\/uploads\/2020\/04\/KBM11SG073300_0693-1020x1536.jpg 1020w, http:\/\/olirennt.de\/wp-content\/uploads\/2020\/04\/KBM11SG073300_0693-1360x2048.jpg 1360w, http:\/\/olirennt.de\/wp-content\/uploads\/2020\/04\/KBM11SG073300_0693-scaled.jpg 1700w\" sizes=\"auto, (max-width: 199px) 100vw, 199px\" \/><\/figure>\n<\/div>\n\n<div class=\"wp-block-image\">\n<figure class=\"aligncenter size-medium is-resized\"><a href=\"https:\/\/www.drk-karlsruhe.de\/angebote\/gesundheit\/medizin-akademie.html\" target=\"_blank\" rel=\"noopener noreferrer\"><img loading=\"lazy\" decoding=\"async\" width=\"300\" height=\"167\" src=\"http:\/\/olirennt.de\/wp-content\/uploads\/2020\/04\/Medizin-Akademie-Logo-klein-300x167.jpg\" alt=\"\" class=\"wp-image-415\" style=\"width:150px;height:84px\" srcset=\"http:\/\/olirennt.de\/wp-content\/uploads\/2020\/04\/Medizin-Akademie-Logo-klein-300x167.jpg 300w, http:\/\/olirennt.de\/wp-content\/uploads\/2020\/04\/Medizin-Akademie-Logo-klein-1024x569.jpg 1024w, http:\/\/olirennt.de\/wp-content\/uploads\/2020\/04\/Medizin-Akademie-Logo-klein-768x427.jpg 768w, http:\/\/olirennt.de\/wp-content\/uploads\/2020\/04\/Medizin-Akademie-Logo-klein-1536x854.jpg 1536w, http:\/\/olirennt.de\/wp-content\/uploads\/2020\/04\/Medizin-Akademie-Logo-klein-2048x1138.jpg 2048w\" sizes=\"auto, (max-width: 300px) 100vw, 300px\" \/><\/a><\/figure>\n<\/div>\n\n<div class=\"wp-block-image\">\n<figure class=\"aligncenter size-medium is-resized\"><img loading=\"lazy\" decoding=\"async\" width=\"300\" height=\"300\" src=\"http:\/\/olirennt.de\/wp-content\/uploads\/2020\/04\/8230975d-9f5f-4964-b189-0e3cd3dc7963-300x300.jpg\" alt=\"\" class=\"wp-image-416\" style=\"width:150px;height:150px\" srcset=\"http:\/\/olirennt.de\/wp-content\/uploads\/2020\/04\/8230975d-9f5f-4964-b189-0e3cd3dc7963-300x300.jpg 300w, http:\/\/olirennt.de\/wp-content\/uploads\/2020\/04\/8230975d-9f5f-4964-b189-0e3cd3dc7963-150x150.jpg 150w, http:\/\/olirennt.de\/wp-content\/uploads\/2020\/04\/8230975d-9f5f-4964-b189-0e3cd3dc7963-70x70.jpg 70w, http:\/\/olirennt.de\/wp-content\/uploads\/2020\/04\/8230975d-9f5f-4964-b189-0e3cd3dc7963-246x246.jpg 246w, http:\/\/olirennt.de\/wp-content\/uploads\/2020\/04\/8230975d-9f5f-4964-b189-0e3cd3dc7963-276x276.jpg 276w, http:\/\/olirennt.de\/wp-content\/uploads\/2020\/04\/8230975d-9f5f-4964-b189-0e3cd3dc7963-125x125.jpg 125w, http:\/\/olirennt.de\/wp-content\/uploads\/2020\/04\/8230975d-9f5f-4964-b189-0e3cd3dc7963.jpg 500w\" sizes=\"auto, (max-width: 300px) 100vw, 300px\" \/><\/figure>\n<\/div><\/div>\n\n\n\n<div class=\"wp-block-column is-layout-flow wp-block-column-is-layout-flow\" style=\"flex-basis:66.66%\">\n<p><\/p>\n\n\n\n<p><\/p>\n\n\n\n<p><\/p>\n\n\n\n<p><\/p>\n\n\n\n<p class=\"has-text-align-left\">Mein Name ist Oliver H\u00f6lzer. Seit 2005 bin ich als <a href=\"https:\/\/www.laufenmitherz.de\/spendenlaeufer-teams\/?tx_spendentool_laeufer%5Blaeufer%5D=205&amp;tx_spendentool_laeufer%5Baction%5D=show&amp;tx_spendentool_laeufer%5Bcontroller%5D=Laeufer&amp;cHash=ae67f21da85c3f23d8ec882af77c322b\">Spendenl\u00e4ufer f\u00fcr den DRK-Kindernotarztwagen<\/a> aktiv. Daf\u00fcr kann <a href=\"https:\/\/www.laufenmitherz.de\/spendenlaeufer-teams\/?tx_spendentool_laeufer%5Blaeufer%5D=205&amp;tx_spendentool_laeufer%5Baction%5D=show&amp;tx_spendentool_laeufer%5Bcontroller%5D=Laeufer&amp;cHash=ae67f21da85c3f23d8ec882af77c322b\">hier<\/a> ebenfalls gespendet werden.<br>In Zeiten von &#8222;Corona&#8220; habe ich mir eine neue zus\u00e4tzliche Aktion ausgedacht:<br>Nat\u00fcrlich laufe ich wieder, allerdings diesmal im Kreis und zwar daheim in meinem Garten ums Haus. Und das in den n\u00e4chsten Wochen hoffentlich jeden Tag.<br>Eine Runde f\u00fchrt dabei \u00fcber den Rasen, gepflasterte Wege, durch den Carport und hat sogar eine kleine Steigung.<br><\/p>\n\n\n\n<p class=\"has-text-align-left\">Wie kann man mich nun unterst\u00fctzen? Ganz einfach:<br><br>Mit einer Spende von 2 Euro pro Runde seid ihr dabei. Je mehr gespendet wird, desto mehr Runden laufe ich. Jeden Tag werde ich schauen wieviele Spenden eingegangen sind und dann laufe ich die entsprechenden Runden. Unter <a href=\"http:\/\/olirennt.de\/?page_id=369\">Gelaufene Runden<\/a> und im <a href=\"http:\/\/olirennt.de\/?page_id=498\">Rasentagebuch<\/a> werde ich dar\u00fcber berichten.<\/p>\n\n\n\n<p class=\"has-text-align-left\">Alle Spenden kommen zu 100% Mitarbeitern der Kliniken, Pflegeheime, Rettungsdienste etc. aus der Region zugute. Diese erhalten ein Dankesch\u00f6n in Form von &#8222;Nervennahrungs-Taschen&#8220; mit Obst, Backwaren, Getr\u00e4nken u.a. Lebensmitteln, die ihnen helfen sollen, selbst gesund zu bleiben und nat\u00fcrlich auch ein Gef\u00fchl der Anerkennung ihrer Arbeit vermitteln soll. Die Verteilung der Dankesch\u00f6ntaschen, welche vom Cateringservice &#8222;Party-F\u00e4cher&#8220; zusammengestellt werden, erfolgt \u00fcber den Kontakt mit der DRK-Medizinakademie. Das dazugeh\u00f6rige Spendenvideo wurde von den ehrenamtlichen Helfern des DRK-Filmteams im DRK-Kreisverband Karlsruhe erstellt.<br><br>1012 Dankesch\u00f6ntaschen konnten schon verteilt werden. Zudem auch noch 50 Dankesch\u00f6n-P\u00e4ckchen mit gebrannten Mandeln. Und ich hoffe, dass durch weitere Spenden noch einigen weiteren Einrichtungen eine Freude gemacht werden kann. Das Dankesch\u00f6n und die Wertsch\u00e4tzung kommt bei den Mitarbeitenden sehr gut an, die Freude dar\u00fcber ist riesig.<\/p>\n\n\n\n<p class=\"has-text-align-left\"><\/p>\n\n\n\n<p><\/p>\n\n\n\n<p><\/p>\n\n\n\n<p class=\"has-text-align-left\"><\/p>\n\n\n\n<p><\/p>\n\n\n\n<p>Ich freue mich auf Eure\/Ihre Spenden!<br>(Spenden sind von der Steuer absetzbar)<br><\/p>\n\n\n\n<p class=\"has-text-align-left\"><\/p>\n\n\n\n<p class=\"has-text-align-left\"><\/p>\n\n\n\n<p><\/p>\n<\/div>\n<\/div>\n\n\n\n<p><\/p>\n","protected":false},"excerpt":{"rendered":"<p>&#8211; Spendenlauf beendet &#8211; Deine Spende f\u00fcr helfende H\u00e4nde!Weitere, zus\u00e4tzliche Spendenaktion aus dem Jahr 2020. Herzlichen Dank f\u00fcr alle Spenden. &hellip; <\/p>\n","protected":false},"author":1,"featured_media":0,"parent":0,"menu_order":0,"comment_status":"closed","ping_status":"open","template":"","meta":{"give_campaign_id":0,"_price":"","_stock":"","_tribe_ticket_header":"","_tribe_default_ticket_provider":"","_tribe_ticket_capacity":"0","_ticket_start_date":"","_ticket_end_date":"","_tribe_ticket_show_description":"","_tribe_ticket_show_not_going":false,"_tribe_ticket_use_global_stock":"","_tribe_ticket_global_stock_level":"","_global_stock_mode":"","_global_stock_cap":"","_tribe_rsvp_for_event":"","_tribe_ticket_going_count":"","_tribe_ticket_not_going_count":"","_tribe_tickets_list":"[]","_tribe_ticket_has_attendee_info_fields":false,"footnotes":"","_tec_slr_enabled":"","_tec_slr_layout":""},"class_list":["post-2","page","type-page","status-publish","hentry"],"campaignId":"","ticketed":false,"_links":{"self":[{"href":"http:\/\/olirennt.de\/index.php?rest_route=\/wp\/v2\/pages\/2","targetHints":{"allow":["GET"]}}],"collection":[{"href":"http:\/\/olirennt.de\/index.php?rest_route=\/wp\/v2\/pages"}],"about":[{"href":"http:\/\/olirennt.de\/index.php?rest_route=\/wp\/v2\/types\/page"}],"author":[{"embeddable":true,"href":"http:\/\/olirennt.de\/index.php?rest_route=\/wp\/v2\/users\/1"}],"replies":[{"embeddable":true,"href":"http:\/\/olirennt.de\/index.php?rest_route=%2Fwp%2Fv2%2Fcomments&post=2"}],"version-history":[{"count":334,"href":"http:\/\/olirennt.de\/index.php?rest_route=\/wp\/v2\/pages\/2\/revisions"}],"predecessor-version":[{"id":2055,"href":"http:\/\/olirennt.de\/index.php?rest_route=\/wp\/v2\/pages\/2\/revisions\/2055"}],"wp:attachment":[{"href":"http:\/\/olirennt.de\/index.php?rest_route=%2Fwp%2Fv2%2Fmedia&parent=2"}],"curies":[{"name":"wp","href":"https:\/\/api.w.org\/{rel}","templated":true}]}}